{"id":2016,"date":"2025-12-02T14:17:19","date_gmt":"2025-12-02T13:17:19","guid":{"rendered":"https:\/\/nubotelecom.com\/aviso-legal\/"},"modified":"2026-03-12T16:49:32","modified_gmt":"2026-03-12T15:49:32","slug":"aviso-legal","status":"publish","type":"page","link":"https:\/\/nubotelecom.com\/ca\/aviso-legal\/","title":{"rendered":"Aviso Legal"},"content":{"rendered":"\t\t<div data-elementor-type=\"wp-page\" data-elementor-id=\"2016\" class=\"elementor elementor-2016 elementor-1690\">\n\t\t\t\t<div class=\"elementor-element elementor-element-a06f12c e-flex e-con-boxed e-con e-parent\" data-id=\"a06f12c\" data-element_type=\"container\" data-e-type=\"container\" data-settings=\"{&quot;background_background&quot;:&quot;gradient&quot;}\">\n\t\t\t\t\t<div class=\"e-con-inner\">\n\t\t<div class=\"elementor-element elementor-element-9479082 e-con-full e-flex e-con e-child\" data-id=\"9479082\" data-element_type=\"container\" data-e-type=\"container\">\n\t\t\t\t<div class=\"elementor-element elementor-element-f0be117 elementor-widget__width-initial elementor-widget elementor-widget-heading\" data-id=\"f0be117\" data-element_type=\"widget\" data-e-type=\"widget\" data-widget_type=\"heading.default\">\n\t\t\t\t<div class=\"elementor-widget-container\">\n\t\t\t\t\t<h1 class=\"elementor-heading-title elementor-size-default\">Av\u00eds Legal<\/h1>\t\t\t\t<\/div>\n\t\t\t\t<\/div>\n\t\t\t\t<\/div>\n\t\t\t\t\t<\/div>\n\t\t\t\t<\/div>\n\t\t<div class=\"elementor-element elementor-element-d9fa7bd e-flex e-con-boxed e-con e-parent\" data-id=\"d9fa7bd\" data-element_type=\"container\" data-e-type=\"container\">\n\t\t\t\t\t<div class=\"e-con-inner\">\n\t\t<div class=\"elementor-element elementor-element-44df717 e-con-full e-flex e-con e-child\" data-id=\"44df717\" data-element_type=\"container\" data-e-type=\"container\">\n\t\t\t\t<div class=\"elementor-element elementor-element-f18776c elementor-widget elementor-widget-text-editor\" data-id=\"f18776c\" data-element_type=\"widget\" data-e-type=\"widget\" data-widget_type=\"text-editor.default\">\n\t\t\t\t<div class=\"elementor-widget-container\">\n\t\t\t\t\t\t\t\t\t<div class=\"et_pb_module et_pb_text et_pb_text_2 et_pb_text_align_left et_pb_bg_layout_light et_had_animation\"><div class=\"et_pb_text_inner\"><p><strong>La titular d&#8217;aquesta web \u00e9s:<\/strong><br>Identitat: Nubo Cloud S.L.<br>NIF: B55356497<br>Adre\u00e7a: c\/ Pedret, 111 17007 Girona<br>Tel.: 972095945<br>Email: hola@nuboip.com<br>Inscrita al Registre Mercantil de Girona, Secci\u00f3 8a, Full GI-56646, Foli 124, Tom 2968<\/p><p> <\/p><\/div><\/div><div class=\"et_pb_module et_pb_text et_pb_text_3 et_pb_text_align_left et_pb_bg_layout_light et_had_animation\"><div class=\"et_pb_text_inner\"><p><strong>Condicions d&#8217;\u00fas<\/strong><\/p><p>L&#8217;\u00fas d&#8217;aquest web implica l&#8217;acceptaci\u00f3 plena dels termes i les condicions del present av\u00eds legal. Els possibles conflictes relatius a aquest lloc web es regiran exclusivament pel dret de l&#8217;Estat espanyol. Tota persona usu\u00e0ria de la web, independentment de la jurisdicci\u00f3 territorial des de la qual es produeixi el seu acc\u00e9s, accepta el compliment i respecte d&#8217;aquestes cl\u00e0usules amb ren\u00fancia expressa a qualsevol altre fur que li pogu\u00e9s correspondre.<\/p><p> <\/p><\/div><\/div><div class=\"et_pb_module et_pb_text et_pb_text_4 et_pb_text_align_left et_pb_bg_layout_light et_had_animation\"><div class=\"et_pb_text_inner\"><p><strong>Propietat intel\u00b7lectual i industrial<\/strong><\/p><p>La totalitat del contingut d&#8217;aquest lloc web, ja siguin textos, imatges, sons, marques, logotips o altres elements, aix\u00ed com subestructura, disseny, combinacions de colors o forma de presentaci\u00f3 dels materials estan protegits per drets de propietat industrial i intel\u00b7lectual que l&#8217;usuari d&#8217;aquest lloc web ha de respectar. No \u00e9s l\u00edcita la seva transformaci\u00f3 o alteraci\u00f3, comunicaci\u00f3 p\u00fablica o qualsevol altra forma dexplotaci\u00f3 per qualsevol procediment sense lautoritzaci\u00f3 expressa de Nubo Cloud S.L.<\/p><p> <\/p><\/div><\/div><div class=\"et_pb_module et_pb_text et_pb_text_5 et_pb_text_align_left et_pb_bg_layout_light et_had_animation\"><div class=\"et_pb_text_inner\"><p><strong>Responsabilitat sobre els continguts<\/strong><\/p><p>Tot i que Nubo Cloud S.L. actua amb la m\u00e0xima dilig\u00e8ncia possible, es pot donar el cas que alguna dada o informaci\u00f3 no estigui del tot actualitzada en el moment que l&#8217;usuari del lloc web ho consulti. Per aix\u00f2, les informacions que es presenten en aquesta web tenen una funci\u00f3 orientativa i no obliguen Nubo Cloud S.L.<\/p><p> <\/p><\/div><\/div><div class=\"et_pb_module et_pb_text et_pb_text_6 et_pb_text_align_left et_pb_bg_layout_light et_had_animation\"><div class=\"et_pb_text_inner\"><p><strong>Responsabilitat sobre els continguts<\/strong><\/p><p>Tot i que Nubo Cloud S.L. actua amb la m\u00e0xima dilig\u00e8ncia possible, es pot donar el cas que alguna dada o informaci\u00f3 no estigui del tot actualitzada en el moment que l&#8217;usuari del lloc web ho consulti. Per aix\u00f2, les informacions que es presenten en aquesta web tenen una funci\u00f3 orientativa i no obliguen Nubo Cloud S.L.<\/p><p>Nubo Cloud S.L. no ser\u00e0 responsable de la informaci\u00f3 que es pugui obtenir a trav\u00e9s denlla\u00e7os inclosos a la seva web.<\/p><p>Nubo Cloud S.L. es reserva la facultat de realitzar, en qualsevol moment i sense necessitat de preav\u00eds, modificacions o actualitzacions de la informaci\u00f3 i de qualsevol dels elements que integrin el disseny i configuraci\u00f3 de la p\u00e0gina web.<\/p><p> <\/p><p><strong>Llei aplicable i jurisdicci\u00f3:<\/strong><\/p><\/div><\/div><div class=\"et_pb_module et_pb_text et_pb_text_7 et_pb_text_align_left et_pb_bg_layout_light et_had_animation\"><div class=\"et_pb_text_inner\"><p>L&#8217;\u00fas d&#8217;aquest lloc web implica l&#8217;acceptaci\u00f3 plena dels termes i les condicions de la present pol\u00edtica legal. Els possibles conflictes relatius a aquesta web es regiran exclusivament per la legislaci\u00f3 espanyola, sent competents els Jutjats i Tribunals espanyols per con\u00e8ixer de quantes q\u00fcestions se suscitin sobre aquesta. L&#8217;usuari, per virtut de la seva acceptaci\u00f3, renuncia expressament a qualsevol fur que per aplicaci\u00f3 de la Llei d&#8217;Enjudiciament Civil vigent li pugui correspondre.<\/p><\/div><\/div>\t\t\t\t\t\t\t\t<\/div>\n\t\t\t\t<\/div>\n\t\t\t\t<\/div>\n\t\t\t\t\t<\/div>\n\t\t\t\t<\/div>\n\t\t\t\t<\/div>\n\t\t","protected":false},"excerpt":{"rendered":"<p>Av\u00eds Legal La titular d&#8217;aquesta web \u00e9s:Identitat: Nubo Cloud S.L.NIF: B55356497Adre\u00e7a: c\/ Pedret, 111 17007 GironaTel.: 972095945Email: hola@nuboip.comInscrita al Registre Mercantil de Girona, Secci\u00f3 8a, Full GI-56646, Foli 124, Tom 2968 Condicions d&#8217;\u00fas L&#8217;\u00fas d&#8217;aquest web implica l&#8217;acceptaci\u00f3 plena dels termes i les condicions del present av\u00eds legal. Els possibles conflictes relatius a aquest lloc [&hellip;]<\/p>\n","protected":false},"author":2,"featured_media":0,"parent":0,"menu_order":0,"comment_status":"closed","ping_status":"closed","template":"","meta":{"footnotes":""},"class_list":["post-2016","page","type-page","status-publish","hentry"],"yoast_head":"<!-- This site is optimized with the Yoast SEO plugin v27.1.1 - https:\/\/yoast.com\/product\/yoast-seo-wordpress\/ -->\n<title>Aviso Legal - Nubo Telecom<\/title>\n<meta name=\"robots\" content=\"noindex, nofollow\" \/>\n<meta property=\"og:locale\" content=\"ca_ES\" \/>\n<meta property=\"og:type\" content=\"article\" \/>\n<meta property=\"og:title\" content=\"Aviso Legal - Nubo Telecom\" \/>\n<meta property=\"og:description\" content=\"Av\u00eds Legal La titular d&#8217;aquesta web \u00e9s:Identitat: Nubo Cloud S.L.NIF: B55356497Adre\u00e7a: c\/ Pedret, 111 17007 GironaTel.: 972095945Email: hola@nuboip.comInscrita al Registre Mercantil de Girona, Secci\u00f3 8a, Full GI-56646, Foli 124, Tom 2968 Condicions d&#8217;\u00fas L&#8217;\u00fas d&#8217;aquest web implica l&#8217;acceptaci\u00f3 plena dels termes i les condicions del present av\u00eds legal. Els possibles conflictes relatius a aquest lloc [&hellip;]\" \/>\n<meta property=\"og:url\" content=\"https:\/\/nubotelecom.com\/ca\/aviso-legal\/\" \/>\n<meta property=\"og:site_name\" content=\"Nubo Telecom\" \/>\n<meta property=\"article:modified_time\" content=\"2026-03-12T15:49:32+00:00\" \/>\n<meta name=\"twitter:card\" content=\"summary_large_image\" \/>\n<meta name=\"twitter:label1\" content=\"Temps estimat de lectura\" \/>\n\t<meta name=\"twitter:data1\" content=\"2 minuts\" \/>\n<script type=\"application\/ld+json\" class=\"yoast-schema-graph\">{\"@context\":\"https:\/\/schema.org\",\"@graph\":[{\"@type\":\"WebPage\",\"@id\":\"https:\/\/nubotelecom.com\/ca\/aviso-legal\/\",\"url\":\"https:\/\/nubotelecom.com\/ca\/aviso-legal\/\",\"name\":\"Aviso Legal - Nubo Telecom\",\"isPartOf\":{\"@id\":\"https:\/\/nubotelecom.com\/ca\/#website\"},\"datePublished\":\"2025-12-02T13:17:19+00:00\",\"dateModified\":\"2026-03-12T15:49:32+00:00\",\"breadcrumb\":{\"@id\":\"https:\/\/nubotelecom.com\/ca\/aviso-legal\/#breadcrumb\"},\"inLanguage\":\"ca\",\"potentialAction\":[{\"@type\":\"ReadAction\",\"target\":[\"https:\/\/nubotelecom.com\/ca\/aviso-legal\/\"]}]},{\"@type\":\"BreadcrumbList\",\"@id\":\"https:\/\/nubotelecom.com\/ca\/aviso-legal\/#breadcrumb\",\"itemListElement\":[{\"@type\":\"ListItem\",\"position\":1,\"name\":\"Portada\",\"item\":\"https:\/\/nubotelecom.com\/ca\/\"},{\"@type\":\"ListItem\",\"position\":2,\"name\":\"Aviso Legal\"}]},{\"@type\":\"WebSite\",\"@id\":\"https:\/\/nubotelecom.com\/ca\/#website\",\"url\":\"https:\/\/nubotelecom.com\/ca\/\",\"name\":\"Nubo Telecom\",\"description\":\"Tu operador de datos y voz\",\"publisher\":{\"@id\":\"https:\/\/nubotelecom.com\/ca\/#organization\"},\"potentialAction\":[{\"@type\":\"SearchAction\",\"target\":{\"@type\":\"EntryPoint\",\"urlTemplate\":\"https:\/\/nubotelecom.com\/ca\/?s={search_term_string}\"},\"query-input\":{\"@type\":\"PropertyValueSpecification\",\"valueRequired\":true,\"valueName\":\"search_term_string\"}}],\"inLanguage\":\"ca\"},{\"@type\":\"Organization\",\"@id\":\"https:\/\/nubotelecom.com\/ca\/#organization\",\"name\":\"Nubo Telecom\",\"url\":\"https:\/\/nubotelecom.com\/ca\/\",\"logo\":{\"@type\":\"ImageObject\",\"inLanguage\":\"ca\",\"@id\":\"https:\/\/nubotelecom.com\/ca\/#\/schema\/logo\/image\/\",\"url\":\"https:\/\/nubotelecom.com\/wp-content\/uploads\/2025\/12\/Logo-Nubo-Telecom.png\",\"contentUrl\":\"https:\/\/nubotelecom.com\/wp-content\/uploads\/2025\/12\/Logo-Nubo-Telecom.png\",\"width\":1794,\"height\":566,\"caption\":\"Nubo Telecom\"},\"image\":{\"@id\":\"https:\/\/nubotelecom.com\/ca\/#\/schema\/logo\/image\/\"}}]}<\/script>\n<!-- \/ Yoast SEO plugin. -->","yoast_head_json":{"title":"Aviso Legal - Nubo Telecom","robots":{"index":"noindex","follow":"nofollow"},"og_locale":"ca_ES","og_type":"article","og_title":"Aviso Legal - Nubo Telecom","og_description":"Av\u00eds Legal La titular d&#8217;aquesta web \u00e9s:Identitat: Nubo Cloud S.L.NIF: B55356497Adre\u00e7a: c\/ Pedret, 111 17007 GironaTel.: 972095945Email: hola@nuboip.comInscrita al Registre Mercantil de Girona, Secci\u00f3 8a, Full GI-56646, Foli 124, Tom 2968 Condicions d&#8217;\u00fas L&#8217;\u00fas d&#8217;aquest web implica l&#8217;acceptaci\u00f3 plena dels termes i les condicions del present av\u00eds legal. Els possibles conflictes relatius a aquest lloc [&hellip;]","og_url":"https:\/\/nubotelecom.com\/ca\/aviso-legal\/","og_site_name":"Nubo Telecom","article_modified_time":"2026-03-12T15:49:32+00:00","twitter_card":"summary_large_image","twitter_misc":{"Temps estimat de lectura":"2 minuts"},"schema":{"@context":"https:\/\/schema.org","@graph":[{"@type":"WebPage","@id":"https:\/\/nubotelecom.com\/ca\/aviso-legal\/","url":"https:\/\/nubotelecom.com\/ca\/aviso-legal\/","name":"Aviso Legal - Nubo Telecom","isPartOf":{"@id":"https:\/\/nubotelecom.com\/ca\/#website"},"datePublished":"2025-12-02T13:17:19+00:00","dateModified":"2026-03-12T15:49:32+00:00","breadcrumb":{"@id":"https:\/\/nubotelecom.com\/ca\/aviso-legal\/#breadcrumb"},"inLanguage":"ca","potentialAction":[{"@type":"ReadAction","target":["https:\/\/nubotelecom.com\/ca\/aviso-legal\/"]}]},{"@type":"BreadcrumbList","@id":"https:\/\/nubotelecom.com\/ca\/aviso-legal\/#breadcrumb","itemListElement":[{"@type":"ListItem","position":1,"name":"Portada","item":"https:\/\/nubotelecom.com\/ca\/"},{"@type":"ListItem","position":2,"name":"Aviso Legal"}]},{"@type":"WebSite","@id":"https:\/\/nubotelecom.com\/ca\/#website","url":"https:\/\/nubotelecom.com\/ca\/","name":"Nubo Telecom","description":"Tu operador de datos y voz","publisher":{"@id":"https:\/\/nubotelecom.com\/ca\/#organization"},"potentialAction":[{"@type":"SearchAction","target":{"@type":"EntryPoint","urlTemplate":"https:\/\/nubotelecom.com\/ca\/?s={search_term_string}"},"query-input":{"@type":"PropertyValueSpecification","valueRequired":true,"valueName":"search_term_string"}}],"inLanguage":"ca"},{"@type":"Organization","@id":"https:\/\/nubotelecom.com\/ca\/#organization","name":"Nubo Telecom","url":"https:\/\/nubotelecom.com\/ca\/","logo":{"@type":"ImageObject","inLanguage":"ca","@id":"https:\/\/nubotelecom.com\/ca\/#\/schema\/logo\/image\/","url":"https:\/\/nubotelecom.com\/wp-content\/uploads\/2025\/12\/Logo-Nubo-Telecom.png","contentUrl":"https:\/\/nubotelecom.com\/wp-content\/uploads\/2025\/12\/Logo-Nubo-Telecom.png","width":1794,"height":566,"caption":"Nubo Telecom"},"image":{"@id":"https:\/\/nubotelecom.com\/ca\/#\/schema\/logo\/image\/"}}]}},"_links":{"self":[{"href":"https:\/\/nubotelecom.com\/ca\/wp-json\/wp\/v2\/pages\/2016","targetHints":{"allow":["GET"]}}],"collection":[{"href":"https:\/\/nubotelecom.com\/ca\/wp-json\/wp\/v2\/pages"}],"about":[{"href":"https:\/\/nubotelecom.com\/ca\/wp-json\/wp\/v2\/types\/page"}],"author":[{"embeddable":true,"href":"https:\/\/nubotelecom.com\/ca\/wp-json\/wp\/v2\/users\/2"}],"replies":[{"embeddable":true,"href":"https:\/\/nubotelecom.com\/ca\/wp-json\/wp\/v2\/comments?post=2016"}],"version-history":[{"count":1,"href":"https:\/\/nubotelecom.com\/ca\/wp-json\/wp\/v2\/pages\/2016\/revisions"}],"predecessor-version":[{"id":2017,"href":"https:\/\/nubotelecom.com\/ca\/wp-json\/wp\/v2\/pages\/2016\/revisions\/2017"}],"wp:attachment":[{"href":"https:\/\/nubotelecom.com\/ca\/wp-json\/wp\/v2\/media?parent=2016"}],"curies":[{"name":"wp","href":"https:\/\/api.w.org\/{rel}","templated":true}]}}